{"id":110,"date":"2023-11-29T15:35:34","date_gmt":"2023-11-29T14:35:34","guid":{"rendered":"https:\/\/edmotta.com\/?page_id=110"},"modified":"2024-01-17T13:40:03","modified_gmt":"2024-01-17T12:40:03","slug":"privacy","status":"publish","type":"page","link":"https:\/\/edmotta.com\/index.php\/privacy\/","title":{"rendered":"Privacy Statement"},"content":{"rendered":"\t\t<div data-elementor-type=\"wp-post\" data-elementor-id=\"110\" class=\"elementor elementor-110\">\n\t\t\t\t\t\t\t<div class=\"elementor-element elementor-element-12df159 e-con-full e-flex e-con e-parent\" data-id=\"12df159\" data-element_type=\"container\" data-settings=\"{&quot;content_width&quot;:&quot;full&quot;,&quot;background_background&quot;:&quot;gradient&quot;}\" data-core-v316-plus=\"true\">\n\t\t<div class=\"elementor-element elementor-element-0478cc2 e-con-full e-flex e-con e-child\" data-id=\"0478cc2\" data-element_type=\"container\" data-settings=\"{&quot;content_width&quot;:&quot;full&quot;}\">\n\t\t\t\t<div class=\"elementor-element elementor-element-c7cdcba elementor-widget elementor-widget-heading\" data-id=\"c7cdcba\" data-element_type=\"widget\" data-widget_type=\"heading.default\">\n\t\t\t\t<div class=\"elementor-widget-container\">\n\t\t\t<style>\/*! elementor - v3.17.0 - 08-11-2023 *\/\n.elementor-heading-title{padding:0;margin:0;line-height:1}.elementor-widget-heading .elementor-heading-title[class*=elementor-size-]>a{color:inherit;font-size:inherit;line-height:inherit}.elementor-widget-heading .elementor-heading-title.elementor-size-small{font-size:15px}.elementor-widget-heading .elementor-heading-title.elementor-size-medium{font-size:19px}.elementor-widget-heading .elementor-heading-title.elementor-size-large{font-size:29px}.elementor-widget-heading .elementor-heading-title.elementor-size-xl{font-size:39px}.elementor-widget-heading .elementor-heading-title.elementor-size-xxl{font-size:59px}<\/style><h2 class=\"elementor-heading-title elementor-size-default\">POL\u00cdTICA DE PRIVACIDADE<\/h2>\t\t<\/div>\n\t\t\t\t<\/div>\n\t\t\t\t<div class=\"elementor-element elementor-element-06c7928 elementor-widget elementor-widget-text-editor\" data-id=\"06c7928\" data-element_type=\"widget\" data-widget_type=\"text-editor.default\">\n\t\t\t\t<div class=\"elementor-widget-container\">\n\t\t\t<style>\/*! elementor - v3.17.0 - 08-11-2023 *\/\n.elementor-widget-text-editor.elementor-drop-cap-view-stacked .elementor-drop-cap{background-color:#69727d;color:#fff}.elementor-widget-text-editor.elementor-drop-cap-view-framed .elementor-drop-cap{color:#69727d;border:3px solid;background-color:transparent}.elementor-widget-text-editor:not(.elementor-drop-cap-view-default) .elementor-drop-cap{margin-top:8px}.elementor-widget-text-editor:not(.elementor-drop-cap-view-default) .elementor-drop-cap-letter{width:1em;height:1em}.elementor-widget-text-editor .elementor-drop-cap{float:left;text-align:center;line-height:1;font-size:50px}.elementor-widget-text-editor .elementor-drop-cap-letter{display:inline-block}<\/style>\t\t\t\t<p>N\u00f3s coletamos e utilizamos alguns dados pessoais que pertencem \u00e0queles que utilizam nosso site. Ao faz\u00ea-lo, agimos na qualidade de\u00a0<strong>controlador<\/strong>\u00a0desses dados e estamos sujeitos \u00e0s disposi\u00e7\u00f5es da Lei Federal n. 13.709\/2018 (Lei Geral de Prote\u00e7\u00e3o de Dados Pessoais &#8211; LGPD).<\/p><p>N\u00f3s cuidamos da prote\u00e7\u00e3o de seus dados pessoais e, por isso, disponibilizamos esta pol\u00edtica de privacidade, que cont\u00e9m informa\u00e7\u00f5es importantes sobre:<\/p><p>&#8211; Quais dados coletamos e o que fazemos com eles;<\/p><p><br \/><strong>1.\u00a0Dados que coletamos e motivos da coleta<br \/><\/strong><\/p><p>Nosso site coleta e utiliza alguns dados pessoais de nossos usu\u00e1rios, de acordo com o disposto nesta se\u00e7\u00e3o.<\/p><p><em>1. Dados sens\u00edveis<\/em><\/p><p><strong>N\u00e3o<\/strong>\u00a0ser\u00e3o coletados dados sens\u00edveis de nossos usu\u00e1rios, assim entendidos aqueles definidos nos arts. 11 e seguintes da Lei de Prote\u00e7\u00e3o de Dados Pessoais. Assim,\u00a0<strong>n\u00e3o<\/strong>\u00a0haver\u00e1 coleta de dados sobre origem racial ou \u00e9tnica, convic\u00e7\u00e3o religiosa, opini\u00e3o pol\u00edtica, filia\u00e7\u00e3o a sindicato ou a organiza\u00e7\u00e3o de car\u00e1ter religioso, filos\u00f3fico ou pol\u00edtico, dado referente \u00e0 sa\u00fade ou \u00e0 vida sexual, dado gen\u00e9tico ou biom\u00e9trico, quando vinculado a uma pessoa natural.<\/p><p><em>2. Cookies<\/em><\/p><p><em>Cookies<\/em>\u00a0s\u00e3o pequenos arquivos de texto baixados automaticamente em seu dispositivo quando voc\u00ea acessa e navega por um site. Eles servem, basicamente, para seja poss\u00edvel identificar dispositivos, atividades e prefer\u00eancias de usu\u00e1rios.<\/p><p>Os\u00a0<em>cookies<\/em>\u00a0n\u00e3o permitem que qualquer arquivo ou informa\u00e7\u00e3o sejam extra\u00eddos do disco r\u00edgido do usu\u00e1rio, n\u00e3o sendo poss\u00edvel, ainda, que, por meio deles, se tenha acesso a informa\u00e7\u00f5es pessoais que n\u00e3o tenham partido do usu\u00e1rio ou da forma como utiliza os recursos do site.<\/p><p><em>a.\u00a0Cookies de terceiros<br \/><\/em><\/p><p>Alguns de nossos parceiros podem configurar\u00a0<em>cookies<\/em>\u00a0nos dispositivos dos usu\u00e1rios que acessam nosso site.<\/p><p>Estes\u00a0<em>cookies<\/em>, em geral, visam possibilitar que nossos parceiros possam oferecer seu conte\u00fado e seus servi\u00e7os ao usu\u00e1rio que acessa nosso site de forma personalizada, por meio da obten\u00e7\u00e3o de dados de navega\u00e7\u00e3o extra\u00eddos a partir de sua intera\u00e7\u00e3o com o site.<\/p><p>O usu\u00e1rio poder\u00e1 obter mais informa\u00e7\u00f5es sobre os\u00a0<em>cookies<\/em>\u00a0de terceiro e sobre a forma como os dados obtidos a partir dele s\u00e3o tratados, al\u00e9m de ter acesso \u00e0 descri\u00e7\u00e3o dos\u00a0<em>cookies<\/em>\u00a0utilizados e de suas caracter\u00edsticas, acessando o seguinte\u00a0<em>link<\/em>:<\/p><p><span id=\"span_id_link_cookies_terceiros\">Google Analytics;<\/span><\/p><p>As entidades encarregadas da coleta dos\u00a0<em>cookies<\/em>\u00a0poder\u00e3o ceder as informa\u00e7\u00f5es obtidas a terceiros.<\/p><p><strong><br \/>3.\u00a0Compartilhamento de dados pessoais com terceiros<\/strong><\/p><p>N\u00f3s n\u00e3o compartilhamos seus dados pessoais com terceiros. Apesar disso, \u00e9 poss\u00edvel que o fa\u00e7amos para cumprir alguma determina\u00e7\u00e3o legal ou regulat\u00f3ria, ou, ainda, para cumprir alguma ordem expedida por autoridade p\u00fablica.<\/p><p><span class=\"flou\"><strong><br \/><\/strong><\/span><strong>3.<\/strong>\u00a0<strong>Por quanto tempo seus dados pessoais ser\u00e3o armazenados<\/strong><\/p><p>Os dados pessoais coletados pelo site s\u00e3o armazenados e utilizados por per\u00edodo de tempo que corresponda ao necess\u00e1rio para atingir as finalidades elencadas neste documento e que considere os direitos de seus titulares, os direitos do controlador do site e as disposi\u00e7\u00f5es legais ou regulat\u00f3rias aplic\u00e1veis.<\/p><p>Uma vez expirados os per\u00edodos de armazenamento dos dados pessoais, eles s\u00e3o removidos de nossas bases de dados ou anonimizados, salvo nos casos em que houver a possibilidade ou a necessidade de armazenamento em virtude de disposi\u00e7\u00e3o legal ou regulat\u00f3ria.<\/p><p><strong><br \/>4. Altera\u00e7\u00f5es nesta pol\u00edtica<br \/><\/strong><\/p><p>A presente vers\u00e3o desta Pol\u00edtica de Privacidade foi atualizada pela \u00faltima vez em:\u00a0<span id=\"span_id_data_termo\">02\/08\/2021<\/span>.<\/p><p>Reservamo-nos o direito de modificar, a qualquer momento, as presentes normas, especialmente para adapt\u00e1-las \u00e0s eventuais altera\u00e7\u00f5es feitas em nosso site, seja pela disponibiliza\u00e7\u00e3o de novas funcionalidades, seja pela supress\u00e3o ou modifica\u00e7\u00e3o daquelas j\u00e1 existentes.<\/p><p>Sempre que houver uma modifica\u00e7\u00e3o, nossos usu\u00e1rios ser\u00e3o notificados acerca da mudan\u00e7a.<\/p>\t\t\t\t\t\t<\/div>\n\t\t\t\t<\/div>\n\t\t\t\t<div class=\"elementor-element elementor-element-53ef55c elementor-align-left elementor-widget elementor-widget-button\" data-id=\"53ef55c\" data-element_type=\"widget\" data-widget_type=\"button.default\">\n\t\t\t\t<div class=\"elementor-widget-container\">\n\t\t\t\t\t<div class=\"elementor-button-wrapper\">\n\t\t\t<a class=\"elementor-button elementor-button-link elementor-size-lg elementor-animation-grow\" href=\"\/\">\n\t\t\t\t\t\t<span class=\"elementor-button-content-wrapper\">\n\t\t\t\t\t\t<span class=\"elementor-button-text\">BACK TO MAIN PAGE<\/span>\n\t\t<\/span>\n\t\t\t\t\t<\/a>\n\t\t<\/div>\n\t\t\t\t<\/div>\n\t\t\t\t<\/div>\n\t\t<div class=\"elementor-element elementor-element-d4e2ede e-flex e-con-boxed e-con e-child\" data-id=\"d4e2ede\" data-element_type=\"container\" data-settings=\"{&quot;content_width&quot;:&quot;boxed&quot;}\">\n\t\t\t\t\t<div class=\"e-con-inner\">\n\t\t<div class=\"elementor-element elementor-element-c4955e2 e-con-full e-flex e-con e-child\" data-id=\"c4955e2\" data-element_type=\"container\" data-settings=\"{&quot;content_width&quot;:&quot;full&quot;}\">\n\t\t<div class=\"elementor-element elementor-element-90f3cd2 e-con-full e-flex e-con e-child\" data-id=\"90f3cd2\" data-element_type=\"container\" data-settings=\"{&quot;content_width&quot;:&quot;full&quot;}\">\n\t\t\t\t<div class=\"elementor-element elementor-element-609cd5d elementor-widget elementor-widget-text-editor\" data-id=\"609cd5d\" data-element_type=\"widget\" data-widget_type=\"text-editor.default\">\n\t\t\t\t<div class=\"elementor-widget-container\">\n\t\t\t\t\t\t\t<p><a href=\"\/index.php\/booking\">Booking<\/a> | <a href=\"\/index.php\/privacy\">Privacy Statement<\/a> | <a href=\"\/index.php\/legal\">Legal Notice<\/a><\/p>\t\t\t\t\t\t<\/div>\n\t\t\t\t<\/div>\n\t\t\t\t<\/div>\n\t\t<div class=\"elementor-element elementor-element-37e0403 e-con-full e-flex e-con e-child\" data-id=\"37e0403\" data-element_type=\"container\" data-settings=\"{&quot;content_width&quot;:&quot;full&quot;}\">\n\t\t\t\t<div class=\"elementor-element elementor-element-a69341a elementor-widget elementor-widget-text-editor\" data-id=\"a69341a\" data-element_type=\"widget\" data-widget_type=\"text-editor.default\">\n\t\t\t\t<div class=\"elementor-widget-container\">\n\t\t\t\t\t\t\t<p>\u00a9 Copyright 2024.&nbsp;All rights reserved. No part of this publication can be reproduced, stored in a retrieval system, or transmitted in any form or by any means, electronic, mechanical, photocopying, recording, or otherwise without the prior permission of the Publisher.<\/p>\t\t\t\t\t\t<\/div>\n\t\t\t\t<\/div>\n\t\t\t\t<\/div>\n\t\t\t\t<\/div>\n\t\t\t\t\t<\/div>\n\t\t\t\t<\/div>\n\t\t\t\t<\/div>\n\t\t\t\t<\/div>\n\t\t\t\t\t\t\t<\/div>\n\t\t","protected":false},"excerpt":{"rendered":"<p>POL\u00cdTICA DE PRIVACIDADE N\u00f3s coletamos e utilizamos alguns dados pessoais que pertencem \u00e0queles que utilizam nosso site. Ao faz\u00ea-lo, agimos na qualidade de\u00a0controlador\u00a0desses dados e estamos sujeitos \u00e0s disposi\u00e7\u00f5es da Lei Federal n. 13.709\/2018 (Lei Geral de Prote\u00e7\u00e3o de Dados Pessoais &#8211; LGPD). N\u00f3s cuidamos da prote\u00e7\u00e3o de seus dados pessoais e, por isso, disponibilizamos [&hellip;]<\/p>\n","protected":false},"author":1,"featured_media":0,"parent":0,"menu_order":0,"comment_status":"closed","ping_status":"closed","template":"elementor_canvas","meta":{"footnotes":""},"class_list":["post-110","page","type-page","status-publish","hentry"],"_links":{"self":[{"href":"https:\/\/edmotta.com\/index.php\/wp-json\/wp\/v2\/pages\/110","targetHints":{"allow":["GET"]}}],"collection":[{"href":"https:\/\/edmotta.com\/index.php\/wp-json\/wp\/v2\/pages"}],"about":[{"href":"https:\/\/edmotta.com\/index.php\/wp-json\/wp\/v2\/types\/page"}],"author":[{"embeddable":true,"href":"https:\/\/edmotta.com\/index.php\/wp-json\/wp\/v2\/users\/1"}],"replies":[{"embeddable":true,"href":"https:\/\/edmotta.com\/index.php\/wp-json\/wp\/v2\/comments?post=110"}],"version-history":[{"count":13,"href":"https:\/\/edmotta.com\/index.php\/wp-json\/wp\/v2\/pages\/110\/revisions"}],"predecessor-version":[{"id":210,"href":"https:\/\/edmotta.com\/index.php\/wp-json\/wp\/v2\/pages\/110\/revisions\/210"}],"wp:attachment":[{"href":"https:\/\/edmotta.com\/index.php\/wp-json\/wp\/v2\/media?parent=110"}],"curies":[{"name":"wp","href":"https:\/\/api.w.org\/{rel}","templated":true}]}}